{"id":5259,"date":"2025-05-09T08:59:39","date_gmt":"2025-05-09T07:59:39","guid":{"rendered":"https:\/\/ionex.webtim.dev\/trgovina\/Bez%20kategorije\/zappicator\/"},"modified":"2025-08-12T08:41:19","modified_gmt":"2025-08-12T07:41:19","slug":"zappicator","status":"publish","type":"product","link":"https:\/\/ionex.webtim.dev\/hr\/trgovina\/zapper-uredaji\/zappicator\/","title":{"rendered":"Zappicator"},"content":{"rendered":"\t\t<div data-elementor-type=\"product-post\" data-elementor-id=\"5259\" class=\"elementor elementor-5259 elementor-2311\" data-elementor-post-type=\"product\">\n\t\t\t\t<div class=\"elementor-element elementor-element-7046b3a e-flex e-con-boxed e-con e-parent\" data-id=\"7046b3a\" data-element_type=\"container\">\n\t\t\t\t\t<div class=\"e-con-inner\">\n\t\t\t\t<div class=\"elementor-element elementor-element-2b18679 elementor-widget elementor-widget-heading\" data-id=\"2b18679\" data-element_type=\"widget\" data-widget_type=\"heading.default\">\n\t\t\t\t<div class=\"elementor-widget-container\">\n\t\t\t\t\t<h2 class=\"elementor-heading-title elementor-size-default\">Paraziti u tijelu<\/h2>\t\t\t\t<\/div>\n\t\t\t\t<\/div>\n\t\t\t\t<div class=\"elementor-element elementor-element-40928df elementor-widget elementor-widget-text-editor\" data-id=\"40928df\" data-element_type=\"widget\" data-widget_type=\"text-editor.default\">\n\t\t\t\t<div class=\"elementor-widget-container\">\n\t\t\t\t\t\t\t\t\t<p>Svi ljudi imaju barem jednu vrstu parazita u sebi. Ljudi s oslabljenim imunolo\u0161kim sustavom i djeca su najizlo\u017eeniji. Problem s parazitima nastaje kada ih imamo previ\u0161e ili kada prenose odre\u0111ene bolesti <strong>.<\/strong> <strong>Prakti\u010dki sve bolesti potje\u010du od parazita<\/strong> (oni igraju vode\u0107u ulogu), ali nisu ograni\u010dene samo na njih. Mogu nam na\u0161tetiti neizravno ili izravno, ali njihova prisutnost u tijelu uvijek je \u0161tetna. Paraziti \u010desto u sebi imaju razne bakterije, viruse i gljivice. Obi\u010dno, me\u0111utim, po\u010dinjemo lije\u010diti tijelo od odre\u0111ene bakterije\/virusa, umjesto da prvo uni\u0161timo njihovog doma\u0107ina \u2013 parazita.     <\/p><p><strong>Kratki video koji prikazuje uni\u0161tavanje ovojnice parazita pomo\u0107u frekvencijskih valova koje emitiraju ure\u0111aji Zappicator i Zaper<\/strong><\/p>\t\t\t\t\t\t\t\t<\/div>\n\t\t\t\t<\/div>\n\t\t\t\t<div class=\"elementor-element elementor-element-97059b7 elementor-widget elementor-widget-image\" data-id=\"97059b7\" data-element_type=\"widget\" data-widget_type=\"image.default\">\n\t\t\t\t<div class=\"elementor-widget-container\">\n\t\t\t\t\t\t\t\t\t\t\t\t\t\t\t<img decoding=\"async\" width=\"134\" height=\"102\" src=\"https:\/\/ionex.webtim.dev\/wp-content\/uploads\/2025\/05\/Bakterije.gif\" class=\"attachment-full size-full wp-image-4637\" alt=\"\" \/>\t\t\t\t\t\t\t\t\t\t\t\t\t\t\t<\/div>\n\t\t\t\t<\/div>\n\t\t\t\t<div class=\"elementor-element elementor-element-1b2fb0e elementor-widget elementor-widget-heading\" data-id=\"1b2fb0e\" data-element_type=\"widget\" data-widget_type=\"heading.default\">\n\t\t\t\t<div class=\"elementor-widget-container\">\n\t\t\t\t\t<h2 class=\"elementor-heading-title elementor-size-default\">Kako Zappicator radi<\/h2>\t\t\t\t<\/div>\n\t\t\t\t<\/div>\n\t\t\t\t<div class=\"elementor-element elementor-element-330c5ad elementor-widget elementor-widget-text-editor\" data-id=\"330c5ad\" data-element_type=\"widget\" data-widget_type=\"text-editor.default\">\n\t\t\t\t<div class=\"elementor-widget-container\">\n\t\t\t\t\t\t\t\t\t<p>Ure\u0111aj je razvila svjetski poznata dr. Hulda Clark, pionirka u podru\u010dju biorezonantne tehnologije. Zappicator za hranu koristi elektromagnetsko polje (EMF) za o\u0161te\u0107enje stani\u010dnih membrana patogenih organizama (bakterija, virusa i parazita), \u010dime ih uni\u0161tava. Zappicator je dizajniran prema klasi\u010dnom protokolu dr. Clarka i emitira pravokutni val, s frekvencijskim izlazom od 1000 Hz i 100% pozitivnim pomakom.  <\/p><p>Kao \u0161to smo ve\u0107 spomenuli, Zappicator koristi frekvencije za uklanjanje svih vrsta \u0161tetnih parazita iz hrane prije konzumiranja. Frekvencija tako\u0111er mijenja strukturu vode, uklanjaju\u0107i iz nje njezinu predmemoriju i time pobolj\u0161avaju\u0107i kvalitetu vode ili tvari.  <\/p><p>Zappicator je posebno pogodan za one \u010dija se prehrana sastoji uglavnom od sirove ili neprera\u0111ene hrane, npr. vegane, vegetarijance, frutarijance, omnivore itd. <\/p><p>Zappicator se ne mo\u017ee koristiti za uklanjanje ne\u017eivih tvari poput kemikalija, te\u0161kih metala (npr. \u017eive), raznih aditiva ili drugih otrovnih tvari.<\/p><p>Unutra\u0161njost Zappicatora sastoji se od orgonskog akumulatora, \u010dija je svrha dodavanje biofrekventne energije bilo kojem predmetu postavljenom na povr\u0161inu ure\u0111aja. Orgon je otkrio austrijski doktor medicine i psihoanalize, dr. Wilhelm Reich, koji je vjerovao da se energija oko nas mo\u017ee skupljati i prenositi na \u017eive organizme. Ovu energiju nazvao je Orgon i koristio ju je za pove\u0107anje energije biopolja. Orgonski akumulator dodaje pozitivnu \u017eivotnu energiju bilo kojem predmetu postavljenom na vrh Zappicatora. Me\u0111utim, orgonski valovi ne mogu prodrijeti kroz metal, kao ni frekvencijski valovi. Stoga je vrlo va\u017eno ne stavljati hranu na Zappicator u metalnim posudama ili tanjurima, niti na njega stavljati druge metalne predmete.     <\/p>\t\t\t\t\t\t\t\t<\/div>\n\t\t\t\t<\/div>\n\t\t\t\t<div class=\"elementor-element elementor-element-2826b3c elementor-widget elementor-widget-heading\" data-id=\"2826b3c\" data-element_type=\"widget\" data-widget_type=\"heading.default\">\n\t\t\t\t<div class=\"elementor-widget-container\">\n\t\t\t\t\t<h2 class=\"elementor-heading-title elementor-size-default\">Upute za uporabu<\/h2>\t\t\t\t<\/div>\n\t\t\t\t<\/div>\n\t\t\t\t<div class=\"elementor-element elementor-element-b56a6c2 elementor-widget elementor-widget-text-editor\" data-id=\"b56a6c2\" data-element_type=\"widget\" data-widget_type=\"text-editor.default\">\n\t\t\t\t<div class=\"elementor-widget-container\">\n\t\t\t\t\t\t\t\t\t<p>Spojite AC\/DC adapter od 9 V i 200 mA u mre\u017enu uti\u010dnicu (230 V), a \u017eenski utika\u010d adaptera u uti\u010dnicu Zappicator ure\u0111aja.<\/p><p>Stavite hranu, vodu, kozmetiku, predmete koje \u017eelite tretirati ili \u201ezapirati\u201d na vrh Zappicatora. Okrenite prekida\u010d na \u201eON\u201d ili \u201eI\u201d da biste uklju\u010dili ure\u0111aj. Postupak traje 20-25 minuta. LED svjetlo \u0107e svijetliti tijekom rada. Kada zavr\u0161ite, isklju\u010dite ure\u0111aj pritiskom na simbol \u201eOFF\u201d ili \u201e0\u201d, \u010dime \u0107e se ugasiti LED indikatorsko svjetlo. Zatim isklju\u010dite adapter iz uti\u010dnice.        <\/p><p>Radni raspon Zappicatora je 25 cm-35 cm od povr\u0161ine ure\u0111aja (gdje se nalazi hrana) u vertikalnom smjeru.<\/p><p>Ure\u0111aj mora uvijek biti suh! Ne stavljajte hranu i pi\u0107e na zappicator u metalnim posudama, ve\u0107 u plasti\u010dnim ili staklenim. <\/p><p>Ovaj ure\u0111aj namijenjen je samo za osobnu upotrebu. Zappicator nije medicinski ure\u0111aj. Ne smije se koristiti ni u koju drugu svrhu ili na bilo koji drugi na\u010din osim onoga \u0161to je opisano u uputama. Ure\u0111aj dr\u017eite dalje od topline, vlage i dohvata djece. Ure\u0111ajem ne smiju upravljati djeca ili osobe s mentalnim poreme\u0107ajima kako bi se izbjegla zlouporaba. Molimo vas da ure\u0111aj dr\u017eite dalje od topline, vlage i dohvata djece. Nemojte otvarati ure\u0111aj niti ga koristiti ako je bilo koji dio ure\u0111aja o\u0161te\u0107en. Ako \u017eelite baciti ure\u0111aj, molimo vas da ga odlo\u017eite s odba\u010denom elektroni\u010dkom opremom i reciklirate ga.       <\/p>\t\t\t\t\t\t\t\t<\/div>\n\t\t\t\t<\/div>\n\t\t\t\t<div class=\"elementor-element elementor-element-0714823 elementor-widget elementor-widget-text-editor\" data-id=\"0714823\" data-element_type=\"widget\" data-widget_type=\"text-editor.default\">\n\t\t\t\t<div class=\"elementor-widget-container\">\n\t\t\t\t\t\t\t\t\t<p>ZAPPER je generator frekvencijskih valova za uklanjanje parazita iz tijela, koji je izumila dr. Hulda Clark. Prema njezinim rije\u010dima, paraziti su uzrok 95% bolesti, uklju\u010duju\u0107i i neizlje\u010dive: Alzheimerovu bolest, Parkinsonovu bolest, demenciju, kroni\u010dne glavobolje, migrene, neobja\u0161njive bolove u tijelu itd. Zapper djeluje na temelju zakona polariteta, prema kojem se \u010destice istog naboja odbijaju, a \u010destice razli\u010ditih naboja privla\u010de. Radi sa slabom strujom od 3,5 mA i naponom od 9 V te ne uzrokuje nikakvu \u0161tetu ljudskom tijelu. Lagane vibracije uzrokuju da paraziti uklone svoju za\u0161titnu negativno nabijenu ljusku, a bijela krvna zrnca ih mogu ukloniti iz tijela. Prije su paraziti mogli mirno \u017eivjeti u tijelu jer ih bijela krvna zrnca nisu mogla ukloniti zbog istog negativnog naboja kao i paraziti. Zapper ne bi smjele koristiti osobe s pacemakerima, trudnice i dojen\u010dad. Za odr\u017eavanje zdravlja, dr. Hulda Clark preporu\u010duje kori\u0161tenje zappera jednom tjedno, a osobe s bolestima 3-4 puta tjedno.       <\/p>\t\t\t\t\t\t\t\t<\/div>\n\t\t\t\t<\/div>\n\t\t<div class=\"elementor-element elementor-element-028d3a5 e-con-full e-flex e-con e-child\" data-id=\"028d3a5\" data-element_type=\"container\">\n\t\t\t\t<div class=\"elementor-element elementor-element-c1a853d elementor-widget elementor-widget-heading\" data-id=\"c1a853d\" data-element_type=\"widget\" data-widget_type=\"heading.default\">\n\t\t\t\t<div class=\"elementor-widget-container\">\n\t\t\t\t\t<h2 class=\"elementor-heading-title elementor-size-default\">Proces lije\u010denja<\/h2>\t\t\t\t<\/div>\n\t\t\t\t<\/div>\n\t\t\t\t<div class=\"elementor-element elementor-element-8f66da9 elementor-widget elementor-widget-text-editor\" data-id=\"8f66da9\" data-element_type=\"widget\" data-widget_type=\"text-editor.default\">\n\t\t\t\t<div class=\"elementor-widget-container\">\n\t\t\t\t\t\t\t\t\t<p>Prije terapije popijte \u010da\u0161u vode kako biste olak\u0161ali detoksikaciju tijela. Nakon 7 minuta zappinga uni\u0161tavamo parazite, radimo 20-minutni zapper kako bismo uklonili viruse i bakterije iz umiru\u0107ih parazita. Zatim ponovno zappingamo 7 minuta kako bismo uni\u0161tili bakterije i viruse, a zatim pravimo 20-minutnu pauzu kako bismo oslobodili viruse iz umiru\u0107ih bakterija. Nakon 7 minuta zappinga uni\u0161tavamo posljednje oslobo\u0111ene viruse. Seansa traje ukupno 61 minutu.<br> Sustavno uni\u0161tavanje parazita dovodi do boljeg blagostanja i uklanjanja uzroka mnogih bolesti.      <\/p>\t\t\t\t\t\t\t\t<\/div>\n\t\t\t\t<\/div>\n\t\t\t\t<\/div>\n\t\t\t\t<div class=\"elementor-element elementor-element-cf7b654 elementor-widget elementor-widget-heading\" data-id=\"cf7b654\" data-element_type=\"widget\" data-widget_type=\"heading.default\">\n\t\t\t\t<div class=\"elementor-widget-container\">\n\t\t\t\t\t<h2 class=\"elementor-heading-title elementor-size-default\">Tehni\u010dke karakteristike:<\/h2>\t\t\t\t<\/div>\n\t\t\t\t<\/div>\n\t\t\t\t<div class=\"elementor-element elementor-element-47e0302 elementor-widget elementor-widget-text-editor\" data-id=\"47e0302\" data-element_type=\"widget\" data-widget_type=\"text-editor.default\">\n\t\t\t\t<div class=\"elementor-widget-container\">\n\t\t\t\t\t\t\t\t\t<ul><li>1 kHz kvadratni 100% pozitivni pomak<\/li><li>5 sna\u017enih neodimskih antena sa sjevernim polaritetom<\/li><li>Orgonska jedinica<\/li><\/ul><p><strong>Paket uklju\u010duje:<\/strong><\/p><ul><li>9V 20mA AC\/DC adapter (napajanje)<\/li><li>Zappicator Bio-Pulse ure\u0111aj za tretiranje hrane i pi\u0107a orgonskom jedinicom<\/li><\/ul>\t\t\t\t\t\t\t\t<\/div>\n\t\t\t\t<\/div>\n\t\t\t\t\t<\/div>\n\t\t\t\t<\/div>\n\t\t\t\t<\/div>\n\t\t","protected":false},"excerpt":{"rendered":"&nbsp;\n\nZappicator je namijenjen <strong>uklanjanju parazita i drugih \u017eivih organizama iz hrane<\/strong>, jer pretvara otrovne (patogene) tvari u bezopasne (inertne) i posljedi\u010dno sigurne za konzumaciju. Prirodna terapija bez kemikalija\n\nOsim za hranu, Zappicator se mo\u017ee koristiti i za kozmeti\u010dke proizvode, vodu i druga pi\u0107a, biljke (za uklanjanje plijesni koja se nakuplja prilikom zalijevanja) i druge svakodnevne predmete koji bi mogli sadr\u017eavati \u0161tetne organizme.","protected":false},"featured_media":4652,"comment_status":"open","ping_status":"closed","template":"","meta":{"_acf_changed":false,"_glsr_average":0,"_glsr_ranking":0,"_glsr_reviews":0},"product_brand":[],"product_cat":[167],"product_tag":[],"class_list":{"0":"post-5259","1":"product","2":"type-product","3":"status-publish","4":"has-post-thumbnail","6":"product_cat-zapper-uredaji","8":"first","9":"instock","10":"sale","11":"taxable","12":"shipping-taxable","13":"purchasable","14":"product-type-simple"},"acf":[],"_links":{"self":[{"href":"https:\/\/ionex.webtim.dev\/hr\/wp-json\/wp\/v2\/product\/5259","targetHints":{"allow":["GET"]}}],"collection":[{"href":"https:\/\/ionex.webtim.dev\/hr\/wp-json\/wp\/v2\/product"}],"about":[{"href":"https:\/\/ionex.webtim.dev\/hr\/wp-json\/wp\/v2\/types\/product"}],"replies":[{"embeddable":true,"href":"https:\/\/ionex.webtim.dev\/hr\/wp-json\/wp\/v2\/comments?post=5259"}],"version-history":[{"count":2,"href":"https:\/\/ionex.webtim.dev\/hr\/wp-json\/wp\/v2\/product\/5259\/revisions"}],"predecessor-version":[{"id":8545,"href":"https:\/\/ionex.webtim.dev\/hr\/wp-json\/wp\/v2\/product\/5259\/revisions\/8545"}],"wp:featuredmedia":[{"embeddable":true,"href":"https:\/\/ionex.webtim.dev\/hr\/wp-json\/wp\/v2\/media\/4652"}],"wp:attachment":[{"href":"https:\/\/ionex.webtim.dev\/hr\/wp-json\/wp\/v2\/media?parent=5259"}],"wp:term":[{"taxonomy":"product_brand","embeddable":true,"href":"https:\/\/ionex.webtim.dev\/hr\/wp-json\/wp\/v2\/product_brand?post=5259"},{"taxonomy":"product_cat","embeddable":true,"href":"https:\/\/ionex.webtim.dev\/hr\/wp-json\/wp\/v2\/product_cat?post=5259"},{"taxonomy":"product_tag","embeddable":true,"href":"https:\/\/ionex.webtim.dev\/hr\/wp-json\/wp\/v2\/product_tag?post=5259"}],"curies":[{"name":"wp","href":"https:\/\/api.w.org\/{rel}","templated":true}]}}