{"id":5238,"date":"2025-05-09T09:32:38","date_gmt":"2025-05-09T08:32:38","guid":{"rendered":"https:\/\/ionex.webtim.dev\/trgovina\/Bez%20kategorije\/zamjenske-glave-za-japanske-cetkice-za-zube-kiss-you-s-polaritetom-2-kom\/"},"modified":"2025-08-12T08:54:51","modified_gmt":"2025-08-12T07:54:51","slug":"zamjenske-glave-za-japanske-cetkice-za-zube-kiss-you-s-polaritetom-2-kom","status":"publish","type":"product","link":"https:\/\/ionex.webtim.dev\/hr\/trgovina\/cetkice-za-zube\/zamjenske-glave-za-japanske-cetkice-za-zube-kiss-you-s-polaritetom-2-kom\/","title":{"rendered":"Zamjenske glave za japanske \u010detkice za zube KISS YOU s polaritetom (2 kom.)"},"content":{"rendered":"","protected":false},"excerpt":{"rendered":"Set od dvije izmjenjive glave za japansku \u010detkicu za zube KISS YOU s polaritetom. Vlakna su ista kao i kod originalne \u010detkice, odnosno pripadaju klasi <strong>mekih vlakana<\/strong> .\n Izra\u0111ene su od visokokvalitetnih vlakana koja uklanjaju sve vrste plaka (\u010dak i s najnepristupa\u010dnijih podru\u010dja) i nje\u017eno masiraju desni. \n\n<strong>Paket uklju\u010duje:<\/strong>\n 2x zamjenska glava za japansku \u010detkicu za zube KISS YOU s polaritetom\n<strong>Vrsta \u010dekinja:<\/strong> Mekane\n<strong>Boja zamjenske glave:<\/strong> ru\u017ei\u010dasta, plava ili bijela","protected":false},"featured_media":4788,"comment_status":"open","ping_status":"closed","template":"","meta":{"_acf_changed":false,"_glsr_average":0,"_glsr_ranking":0,"_glsr_reviews":0},"product_brand":[],"product_cat":[156],"product_tag":[],"class_list":{"0":"post-5238","1":"product","2":"type-product","3":"status-publish","4":"has-post-thumbnail","6":"product_cat-cetkice-za-zube","8":"first","9":"instock","10":"sale","11":"taxable","12":"shipping-taxable","13":"purchasable","14":"product-type-variable","15":"has-default-attributes"},"acf":[],"_links":{"self":[{"href":"https:\/\/ionex.webtim.dev\/hr\/wp-json\/wp\/v2\/product\/5238","targetHints":{"allow":["GET"]}}],"collection":[{"href":"https:\/\/ionex.webtim.dev\/hr\/wp-json\/wp\/v2\/product"}],"about":[{"href":"https:\/\/ionex.webtim.dev\/hr\/wp-json\/wp\/v2\/types\/product"}],"replies":[{"embeddable":true,"href":"https:\/\/ionex.webtim.dev\/hr\/wp-json\/wp\/v2\/comments?post=5238"}],"version-history":[{"count":1,"href":"https:\/\/ionex.webtim.dev\/hr\/wp-json\/wp\/v2\/product\/5238\/revisions"}],"predecessor-version":[{"id":6353,"href":"https:\/\/ionex.webtim.dev\/hr\/wp-json\/wp\/v2\/product\/5238\/revisions\/6353"}],"wp:featuredmedia":[{"embeddable":true,"href":"https:\/\/ionex.webtim.dev\/hr\/wp-json\/wp\/v2\/media\/4788"}],"wp:attachment":[{"href":"https:\/\/ionex.webtim.dev\/hr\/wp-json\/wp\/v2\/media?parent=5238"}],"wp:term":[{"taxonomy":"product_brand","embeddable":true,"href":"https:\/\/ionex.webtim.dev\/hr\/wp-json\/wp\/v2\/product_brand?post=5238"},{"taxonomy":"product_cat","embeddable":true,"href":"https:\/\/ionex.webtim.dev\/hr\/wp-json\/wp\/v2\/product_cat?post=5238"},{"taxonomy":"product_tag","embeddable":true,"href":"https:\/\/ionex.webtim.dev\/hr\/wp-json\/wp\/v2\/product_tag?post=5238"}],"curies":[{"name":"wp","href":"https:\/\/api.w.org\/{rel}","templated":true}]}}