{"id":5235,"date":"2025-05-09T07:28:41","date_gmt":"2025-05-09T06:28:41","guid":{"rendered":"https:\/\/ionex.webtim.dev\/trgovina\/Bez%20kategorije\/bakrena-rucka-zapper\/"},"modified":"2025-08-12T08:22:45","modified_gmt":"2025-08-12T07:22:45","slug":"bakrena-rucka-zapper","status":"publish","type":"product","link":"https:\/\/ionex.webtim.dev\/hr\/trgovina\/zaper-naprave\/bakrena-rucka-zapper\/","title":{"rendered":"Bakrena ru\u010dka Zapper"},"content":{"rendered":"\t\t<div data-elementor-type=\"product-post\" data-elementor-id=\"5235\" class=\"elementor elementor-5235 elementor-2291\" data-elementor-post-type=\"product\">\n\t\t\t\t<div class=\"elementor-element elementor-element-a05aba6 e-flex e-con-boxed e-con e-parent\" data-id=\"a05aba6\" data-element_type=\"container\">\n\t\t\t\t\t<div class=\"e-con-inner\">\n\t\t\t\t<div class=\"elementor-element elementor-element-6f29876 elementor-widget elementor-widget-image\" data-id=\"6f29876\" data-element_type=\"widget\" data-widget_type=\"image.default\">\n\t\t\t\t<div class=\"elementor-widget-container\">\n\t\t\t\t\t\t\t\t\t\t\t\t\t\t\t<img fetchpriority=\"high\" decoding=\"async\" width=\"1920\" height=\"1056\" src=\"https:\/\/ionex.webtim.dev\/wp-content\/uploads\/2025\/05\/Bakterije.webp\" class=\"attachment-full size-full wp-image-4632\" alt=\"\" srcset=\"https:\/\/ionex.webtim.dev\/wp-content\/uploads\/2025\/05\/Bakterije.webp 1920w, https:\/\/ionex.webtim.dev\/wp-content\/uploads\/2025\/05\/Bakterije-300x165.webp 300w, https:\/\/ionex.webtim.dev\/wp-content\/uploads\/2025\/05\/Bakterije-600x330.webp 600w, https:\/\/ionex.webtim.dev\/wp-content\/uploads\/2025\/05\/Bakterije-1024x563.webp 1024w, https:\/\/ionex.webtim.dev\/wp-content\/uploads\/2025\/05\/Bakterije-768x422.webp 768w, https:\/\/ionex.webtim.dev\/wp-content\/uploads\/2025\/05\/Bakterije-1536x845.webp 1536w\" sizes=\"(max-width: 1920px) 100vw, 1920px\" \/>\t\t\t\t\t\t\t\t\t\t\t\t\t\t\t<\/div>\n\t\t\t\t<\/div>\n\t\t\t\t<div class=\"elementor-element elementor-element-43386cc elementor-widget elementor-widget-heading\" data-id=\"43386cc\" data-element_type=\"widget\" data-widget_type=\"heading.default\">\n\t\t\t\t<div class=\"elementor-widget-container\">\n\t\t\t\t\t<h2 class=\"elementor-heading-title elementor-size-default\">\u0160to je brava?<\/h2>\t\t\t\t<\/div>\n\t\t\t\t<\/div>\n\t\t\t\t<div class=\"elementor-element elementor-element-9d50b2f elementor-widget elementor-widget-text-editor\" data-id=\"9d50b2f\" data-element_type=\"widget\" data-widget_type=\"text-editor.default\">\n\t\t\t\t<div class=\"elementor-widget-container\">\n\t\t\t\t\t\t\t\t\t<p>Zaper Rapid 30 kHz Orgone s bakrenim ru\u010dkama je <strong>generator frekvencijskih valova koji vibracijama uklanja parazite iz va\u0161eg tijela<\/strong> . Brojni paraziti nalaze se i \u0161ire se u svakom tijelu, jer ih stalno hranimo raznim metalima i plijesni. Spomenimo samo amalgamske plombe, metalni pribor za jelo, metalno posu\u0111e, metalne vodovodne cijevi itd. Paraziti su uzrok mnogih bolesti, me\u0111u kojima su trenutno jo\u0161 uvijek neizlje\u010dive: Alzheimerova bolest, Parkinsonova bolest, demencija itd.   <\/p><p>ZAPER, jedinstveni ure\u0111aj koji je potpuno bezopasan za tijelo, razvila je dr. Hulda Clark i o njemu napisala knjigu \u201eTerapija za sve bolesti\u201d, jer je njime izlije\u010dila mnoge te\u0161ke pacijente. Radi sa slabom strujom od 3,5 mA, naponom od 9 V i <strong>ne uzrokuje nikakvu \u0161tetu ljudskom tijelu<\/strong> . NE smiju ga koristiti osobe s pacemakerima, trudnice i dojen\u010dad.  <\/p>\t\t\t\t\t\t\t\t<\/div>\n\t\t\t\t<\/div>\n\t\t\t\t<div class=\"elementor-element elementor-element-8e21fd6 elementor-widget elementor-widget-heading\" data-id=\"8e21fd6\" data-element_type=\"widget\" data-widget_type=\"heading.default\">\n\t\t\t\t<div class=\"elementor-widget-container\">\n\t\t\t\t\t<h2 class=\"elementor-heading-title elementor-size-default\">Kako funkcionira brava?<\/h2>\t\t\t\t<\/div>\n\t\t\t\t<\/div>\n\t\t\t\t<div class=\"elementor-element elementor-element-d790232 elementor-widget elementor-widget-text-editor\" data-id=\"d790232\" data-element_type=\"widget\" data-widget_type=\"text-editor.default\">\n\t\t\t\t<div class=\"elementor-widget-container\">\n\t\t\t\t\t\t\t\t\t<p>Zapper koristi slabu struju kako bi parazitima uklonio negativno nabijenu ovojnicu koja ih je \u0161titila od bijelih krvnih zrnaca, tako da ih nisu mogli ukloniti iz tijela, jer i ona imaju negativni naboj. Iz fizike znamo zakon polariteta koji ka\u017ee da se elementi s istim nabojem me\u0111usobno odbijaju, a s suprotnim nabojem privla\u010de. Upravo zbog istog naboja bijela krvna zrnca nisu mogla do\u0107i do parazita. Me\u0111utim, kada paraziti uz pomo\u0107 zappera izgube svoju negativno nabijenu ovojnicu, bijela krvna zrnca ih lako uklanjaju, \u010diste tijelo, uklanjaju bol (poput migrene) i lije\u010de tijelo.   <\/p><p><strong>Kratki video koji prikazuje uni\u0161tavanje ovojnice parazita pomo\u0107u frekvencijskih valova koje emitiraju ure\u0111aji Zappicator i Zaper<\/strong><\/p>\t\t\t\t\t\t\t\t<\/div>\n\t\t\t\t<\/div>\n\t\t\t\t<div class=\"elementor-element elementor-element-0d5ea1e elementor-widget elementor-widget-image\" data-id=\"0d5ea1e\" data-element_type=\"widget\" data-widget_type=\"image.default\">\n\t\t\t\t<div class=\"elementor-widget-container\">\n\t\t\t\t\t\t\t\t\t\t\t\t\t\t\t<img decoding=\"async\" width=\"134\" height=\"102\" src=\"https:\/\/ionex.webtim.dev\/wp-content\/uploads\/2025\/05\/Bakterije.gif\" class=\"attachment-full size-full wp-image-4637\" alt=\"\" \/>\t\t\t\t\t\t\t\t\t\t\t\t\t\t\t<\/div>\n\t\t\t\t<\/div>\n\t\t\t\t<div class=\"elementor-element elementor-element-5d06961 elementor-widget elementor-widget-text-editor\" data-id=\"5d06961\" data-element_type=\"widget\" data-widget_type=\"text-editor.default\">\n\t\t\t\t<div class=\"elementor-widget-container\">\n\t\t\t\t\t\t\t\t\t<p>Razne studije su dokazale da slaba elektri\u010dna struja ne uzrokuje nikakvu \u0161tetu ljudima, ali odre\u0111ene frekvencije uni\u0161tavaju mikroorganizme. <strong>Zapper<\/strong> <strong>ubija viruse i bakterije za tri minute, trakavice, bi\u010da\u0161e i crve za pet, a grinje za sedam minuta.<\/strong><\/p>\t\t\t\t\t\t\t\t<\/div>\n\t\t\t\t<\/div>\n\t\t\t\t<div class=\"elementor-element elementor-element-924cb1e elementor-widget elementor-widget-image\" data-id=\"924cb1e\" data-element_type=\"widget\" data-widget_type=\"image.default\">\n\t\t\t\t<div class=\"elementor-widget-container\">\n\t\t\t\t\t\t\t\t\t\t\t\t\t\t\t<img decoding=\"async\" width=\"755\" height=\"360\" src=\"https:\/\/ionex.webtim.dev\/wp-content\/uploads\/2025\/05\/Zapper-Anti-parasites.webp\" class=\"attachment-full size-full wp-image-4642\" alt=\"\" srcset=\"https:\/\/ionex.webtim.dev\/wp-content\/uploads\/2025\/05\/Zapper-Anti-parasites.webp 755w, https:\/\/ionex.webtim.dev\/wp-content\/uploads\/2025\/05\/Zapper-Anti-parasites-300x143.webp 300w, https:\/\/ionex.webtim.dev\/wp-content\/uploads\/2025\/05\/Zapper-Anti-parasites-600x286.webp 600w\" sizes=\"(max-width: 755px) 100vw, 755px\" \/>\t\t\t\t\t\t\t\t\t\t\t\t\t\t\t<\/div>\n\t\t\t\t<\/div>\n\t\t\t\t<div class=\"elementor-element elementor-element-2111378 elementor-widget elementor-widget-heading\" data-id=\"2111378\" data-element_type=\"widget\" data-widget_type=\"heading.default\">\n\t\t\t\t<div class=\"elementor-widget-container\">\n\t\t\t\t\t<h2 class=\"elementor-heading-title elementor-size-default\">Zaper \u2013 postupak lije\u010denja<\/h2>\t\t\t\t<\/div>\n\t\t\t\t<\/div>\n\t\t\t\t<div class=\"elementor-element elementor-element-1c2f1c4 elementor-widget elementor-widget-text-editor\" data-id=\"1c2f1c4\" data-element_type=\"widget\" data-widget_type=\"text-editor.default\">\n\t\t\t\t<div class=\"elementor-widget-container\">\n\t\t\t\t\t\t\t\t\t<p>Prije terapije pijemo vodu kako bismo olak\u0161ali detoksikaciju tijela. Terapija traje ukupno 61 minutu i podijeljena je na sljede\u0107i na\u010din: <\/p><ol><li>7 minuta zagrijavanja (uklju\u010dite ure\u0111aj i dr\u017eite ru\u010dke u rukama) za uni\u0161tavanje parazita, zatim 20-minutna pauza za osloba\u0111anje virusa i bakterija iz umiru\u0107ih parazita, koji po\u010dinju napadati tijelo,<\/li><li>7 minuta disanja za ubijanje bakterija i virusa, zatim jo\u0161 20 minuta pauze za osloba\u0111anje virusa iz umiru\u0107ih bakterija,<\/li><li>7 minuta \u0161utnje za uni\u0161tavanje posljednjih oslobo\u0111enih virusa.<\/li><\/ol><p>Potrebno je nekoliko ponavljanja kako bi se uni\u0161tili paraziti u prvoj fazi, a zatim u drugoj i tre\u0107oj fazi kako bi se uni\u0161tile bakterije i virusi koji su se nalazili unutar prvih parazita.<\/p><p>Za odr\u017eavanje zdravlja, dr. Hulda Clark preporu\u010duje kori\u0161tenje zapera jednom tjedno; za osobe s prehladom, gripom i anginom, 3-4 puta tjedno. U ve\u0107ini slu\u010dajeva, gripe ili prehlade mo\u017eete se rije\u0161iti zaperom nakon prve upotrebe jedne terapije. Va\u017eno je piti puno \u010diste vode kako bi tijelo moglo eliminirati sve toksine. NE smiju ga koristiti osobe s pacemakerima, trudnice i dojen\u010dad.   <\/p>\t\t\t\t\t\t\t\t<\/div>\n\t\t\t\t<\/div>\n\t\t\t\t<div class=\"elementor-element elementor-element-dbd42c7 elementor-widget elementor-widget-heading\" data-id=\"dbd42c7\" data-element_type=\"widget\" data-widget_type=\"heading.default\">\n\t\t\t\t<div class=\"elementor-widget-container\">\n\t\t\t\t\t<h2 class=\"elementor-heading-title elementor-size-default\">Efekti<\/h2>\t\t\t\t<\/div>\n\t\t\t\t<\/div>\n\t\t\t\t<div class=\"elementor-element elementor-element-a644a47 elementor-widget elementor-widget-text-editor\" data-id=\"a644a47\" data-element_type=\"widget\" data-widget_type=\"text-editor.default\">\n\t\t\t\t<div class=\"elementor-widget-container\">\n\t\t\t\t\t\t\t\t\t<p>Nakon napadaja mo\u017ee se pojaviti Jarisch-Herxheimerova reakcija. To je reakcija na toksine koji se osloba\u0111aju kada \u0161tetni mikroorganizmi u ljudskom tijelu uginu i obi\u010dno su karakteristi\u010dni za lije\u010denje antibioticima. U\u010dinkovito lije\u010denje uni\u0161tava stani\u010dnu membranu bakterija, a toksini se osloba\u0111aju u krvotok, \u0161to uzrokuje upalno stanje. Bakterije koje potje\u010du od parazita, jer su taman prave veli\u010dine da do\u0111u do ulaza u stanicu. Iako stanica poku\u0161ava ostati zatvorena, i dalje mora prihvatiti hranu, istovremeno se bori protiv ulaska bakterija koje se po\u010dinju brzo razmno\u017eavati. Tijelo poziva u pomo\u0107 imunolo\u0161ki sustav, pojavljuje se znojenje, vru\u0107ica&#8230; Rje\u0161enje nije voditi bitku lijekovima ili smanjiti znojenje i sniziti temperaturu. Rje\u0161enje je ubiti bakterije, \u0161to zatvaranje i \u010dini.      <\/p><p>Sli\u010dni u\u010dinci mogu se pojaviti kod mamurluka, ali nisu opasni po \u017eivot. Mogu\u0107i simptomi mogu se pojaviti unutar nekoliko sati od mamurluka i mogu uklju\u010divati \u200b\u200bvru\u0107icu, nizak krvni tlak, glavobolju, bolove u mi\u0161i\u0107ima, nemir i zimicu; prolaze sami od sebe unutar nekoliko sati. Alternativno, mo\u017eete piti vodu kojoj ste dodali vitamin C u prahu ili druge tvari koje imaju protuupalno djelovanje kako biste ubrzali rje\u0161avanje simptoma.  <\/p><p>Stoga ne bismo trebali koristiti zappere kontinuirano nekoliko sati. U suprotnom bismo se mogli otrovati prekomjernom koli\u010dinom mrtvih parazita, bakterija i virusa koje imamo u tijelu. <\/p>\t\t\t\t\t\t\t\t<\/div>\n\t\t\t\t<\/div>\n\t\t<div class=\"elementor-element elementor-element-982c317 e-con-full e-flex e-con e-child\" data-id=\"982c317\" data-element_type=\"container\">\n\t\t\t\t<div class=\"elementor-element elementor-element-006effd elementor-widget elementor-widget-heading\" data-id=\"006effd\" data-element_type=\"widget\" data-widget_type=\"heading.default\">\n\t\t\t\t<div class=\"elementor-widget-container\">\n\t\t\t\t\t<h2 class=\"elementor-heading-title elementor-size-default\">U\u010dinci na zdravlje<\/h2>\t\t\t\t<\/div>\n\t\t\t\t<\/div>\n\t\t\t\t<div class=\"elementor-element elementor-element-61f08bf elementor-widget elementor-widget-text-editor\" data-id=\"61f08bf\" data-element_type=\"widget\" data-widget_type=\"text-editor.default\">\n\t\t\t\t<div class=\"elementor-widget-container\">\n\t\t\t\t\t\t\t\t\t<p>Paraziti su mali organizmi koji ulaze u na\u0161a tijela kroz tjelesne otvore, rane i di\u0161ne \u200b\u200bputove, tra\u017ee\u0107i skloni\u0161te i hranu za svoj opstanak i razmno\u017eavanje. Paraziti su prijenosnici bakterija, virusa i gljivica. Zaga\u0111iva\u010di, doma\u0107ini parazita, ulaze u na\u0161a tijela zrakom koji udi\u0161emo, hranom i pi\u0107em koje konzumiramo te proizvodima koje nanosimo na ko\u017eu.  <\/p>\t\t\t\t\t\t\t\t<\/div>\n\t\t\t\t<\/div>\n\t\t\t\t<\/div>\n\t\t\t\t<div class=\"elementor-element elementor-element-fd6835d elementor-widget elementor-widget-text-editor\" data-id=\"fd6835d\" data-element_type=\"widget\" data-widget_type=\"text-editor.default\">\n\t\t\t\t<div class=\"elementor-widget-container\">\n\t\t\t\t\t\t\t\t\t<p>ZAPPER je generator frekvencijskih valova za uklanjanje parazita iz tijela, koji je izumila dr. Hulda Clark. Prema njezinim rije\u010dima, paraziti su uzrok 95% bolesti, uklju\u010duju\u0107i i neizlje\u010dive: Alzheimerovu bolest, Parkinsonovu bolest, demenciju, kroni\u010dne glavobolje, migrene, neobja\u0161njive bolove u tijelu itd. Zapper djeluje na temelju zakona polariteta, prema kojem se \u010destice istog naboja odbijaju, a \u010destice razli\u010ditih naboja privla\u010de. Radi sa slabom strujom od 3,5 mA i naponom od 9 V te ne uzrokuje nikakvu \u0161tetu ljudskom tijelu. Lagane vibracije uzrokuju da paraziti uklone svoju za\u0161titnu negativno nabijenu ljusku, a bijela krvna zrnca ih mogu ukloniti iz tijela. Prije su paraziti mogli mirno \u017eivjeti u tijelu jer ih bijela krvna zrnca nisu mogla ukloniti zbog istog negativnog naboja kao i paraziti. Zapper ne bi smjele koristiti osobe s pacemakerima, trudnice i dojen\u010dad. Za odr\u017eavanje zdravlja, dr. Hulda Clark preporu\u010duje kori\u0161tenje zappera jednom tjedno, a osobe s bolestima 3-4 puta tjedno.       <\/p>\t\t\t\t\t\t\t\t<\/div>\n\t\t\t\t<\/div>\n\t\t<div class=\"elementor-element elementor-element-889d9ce e-con-full e-flex e-con e-child\" data-id=\"889d9ce\" data-element_type=\"container\">\n\t\t\t\t<div class=\"elementor-element elementor-element-28398c9 elementor-widget elementor-widget-heading\" data-id=\"28398c9\" data-element_type=\"widget\" data-widget_type=\"heading.default\">\n\t\t\t\t<div class=\"elementor-widget-container\">\n\t\t\t\t\t<h2 class=\"elementor-heading-title elementor-size-default\">Proces lije\u010denja<\/h2>\t\t\t\t<\/div>\n\t\t\t\t<\/div>\n\t\t\t\t<div class=\"elementor-element elementor-element-a58c120 elementor-widget elementor-widget-text-editor\" data-id=\"a58c120\" data-element_type=\"widget\" data-widget_type=\"text-editor.default\">\n\t\t\t\t<div class=\"elementor-widget-container\">\n\t\t\t\t\t\t\t\t\t<p>Prije terapije popijte \u010da\u0161u vode kako biste olak\u0161ali detoksikaciju tijela. Nakon 7 minuta zappinga uni\u0161tavamo parazite, radimo 20-minutni zapper kako bismo uklonili viruse i bakterije iz umiru\u0107ih parazita. Zatim ponovno zappingamo 7 minuta kako bismo uni\u0161tili bakterije i viruse, a zatim pravimo 20-minutnu pauzu kako bismo oslobodili viruse iz umiru\u0107ih bakterija. Nakon 7 minuta zappinga uni\u0161tavamo posljednje oslobo\u0111ene viruse. Seansa traje ukupno 61 minutu.<br> Sustavno uni\u0161tavanje parazita dovodi do boljeg blagostanja i uklanjanja uzroka mnogih bolesti.      <\/p>\t\t\t\t\t\t\t\t<\/div>\n\t\t\t\t<\/div>\n\t\t\t\t<\/div>\n\t\t\t\t\t<\/div>\n\t\t\t\t<\/div>\n\t\t\t\t<\/div>\n\t\t","protected":false},"excerpt":{"rendered":"Jeste li \u010duli za ZAPPER? Zanima vas \u0161to dr. Hulda Clark preporu\u010duje u svojoj knjizi \u201eTerapija za sve bolesti\u201d? \n\nZAPPER je generator frekvencijskih valova koji vibracijama uklanja parazite iz va\u0161eg tijela. U svakom tijelu nalaze se i \u0161ire se brojni paraziti koji su \u0161tetni za zdravlje. \n\nJeste li znali? To su mikroorganizmi koje je te\u0161ko ukloniti iz tijela, jer su za\u0161ti\u0107eni od topline, lijekova, dezinficijensa itd. Uz pomo\u0107 revolucionarnog zappera mo\u017eete ih potpuno uni\u0161titi. Dr. Hulda Clark u svojoj knjizi \u201eTerapija za sve bolesti\u201d obja\u0161njava \u0161to su paraziti i kako ih se mo\u017ee ukloniti. Vi\u0161e u opisu u nastavku.    ","protected":false},"featured_media":4627,"comment_status":"open","ping_status":"closed","template":"","meta":{"_acf_changed":false,"_glsr_average":0,"_glsr_ranking":0,"_glsr_reviews":0},"product_brand":[],"product_cat":[167],"product_tag":[169,168,170],"class_list":{"0":"post-5235","1":"product","2":"type-product","3":"status-publish","4":"has-post-thumbnail","6":"product_cat-zapper-uredaji","7":"product_tag-brava","8":"product_tag-uredaj-za-uklanjanje-parazita-iz-tijela","9":"product_tag-zapper-hr","11":"first","12":"instock","13":"sale","14":"taxable","15":"shipping-taxable","16":"purchasable","17":"product-type-simple"},"acf":[],"_links":{"self":[{"href":"https:\/\/ionex.webtim.dev\/hr\/wp-json\/wp\/v2\/product\/5235","targetHints":{"allow":["GET"]}}],"collection":[{"href":"https:\/\/ionex.webtim.dev\/hr\/wp-json\/wp\/v2\/product"}],"about":[{"href":"https:\/\/ionex.webtim.dev\/hr\/wp-json\/wp\/v2\/types\/product"}],"replies":[{"embeddable":true,"href":"https:\/\/ionex.webtim.dev\/hr\/wp-json\/wp\/v2\/comments?post=5235"}],"version-history":[{"count":2,"href":"https:\/\/ionex.webtim.dev\/hr\/wp-json\/wp\/v2\/product\/5235\/revisions"}],"predecessor-version":[{"id":8324,"href":"https:\/\/ionex.webtim.dev\/hr\/wp-json\/wp\/v2\/product\/5235\/revisions\/8324"}],"wp:featuredmedia":[{"embeddable":true,"href":"https:\/\/ionex.webtim.dev\/hr\/wp-json\/wp\/v2\/media\/4627"}],"wp:attachment":[{"href":"https:\/\/ionex.webtim.dev\/hr\/wp-json\/wp\/v2\/media?parent=5235"}],"wp:term":[{"taxonomy":"product_brand","embeddable":true,"href":"https:\/\/ionex.webtim.dev\/hr\/wp-json\/wp\/v2\/product_brand?post=5235"},{"taxonomy":"product_cat","embeddable":true,"href":"https:\/\/ionex.webtim.dev\/hr\/wp-json\/wp\/v2\/product_cat?post=5235"},{"taxonomy":"product_tag","embeddable":true,"href":"https:\/\/ionex.webtim.dev\/hr\/wp-json\/wp\/v2\/product_tag?post=5235"}],"curies":[{"name":"wp","href":"https:\/\/api.w.org\/{rel}","templated":true}]}}