{"id":5222,"date":"2025-05-09T07:04:23","date_gmt":"2025-05-09T06:04:23","guid":{"rendered":"https:\/\/ionex.webtim.dev\/trgovina\/Bez%20kategorije\/knjiga-clarc-terapija\/"},"modified":"2025-08-12T09:15:04","modified_gmt":"2025-08-12T08:15:04","slug":"knjiga-clarc-terapija","status":"publish","type":"product","link":"https:\/\/ionex.webtim.dev\/hr\/trgovina\/knjige\/knjiga-clarc-terapija\/","title":{"rendered":"Knjiga \u201eCLARC terapija\u201d"},"content":{"rendered":"","protected":false},"excerpt":{"rendered":"<blockquote>\n<h3>\u0160to je terapija dr. Clarka?<\/h3>\n\u201eTerapija dr. Clarka je sustav samoizlje\u010denja koji je razvila kanadska istra\u017eiva\u010dica dr. Hulda Clark. Otkrila je da je uzrok 95% bolesti prisutnost parazita i toksina u tijelu. Za\u0161to govorimo o samoizlje\u010denju? Kada se iz tijela uklone organizmi koji uzrokuju bolesti i toksini, sam organizam ulazi u stanje obnove i samoizlje\u010denja \u2013 tijelo se oporavlja i automatski po\u010dinje normalno funkcionirati, \u0161to dovodi do ozdravljenja. Jednostavnim uklanjanjem parazita i toksina, tijelo automatski obnavlja \u017eivotne procese koji osiguravaju zdravlje.\u201d (Chamorro Balda, Ignacio. 2017. <em>Clarkova terapija,<\/em> Ljubljana: Zalo\u017eba Primus, stranica 21) <\/blockquote>\nAutor Ignacio Chamorro Balda, u svojoj knjizi Clark Therapy \u2013 Health and Prevention for All Ages, daje smjernice temeljene na neuropatiji, ortomolekularnim dodacima prehrani i biorezonanciji. U knjizi Ignacio Chamorro ne pi\u0161e o vlastitim idejama ili trikovima, ve\u0107 o svom radu, promatranju i pra\u0107enju napretka lije\u010denja pomo\u0107u sinkronometra i istra\u017eivanju pokojnog dr. Clarka. \n\n<strong>Vi\u0161e o Clarkovoj terapiji mo\u017eete pro\u010ditati u knjizi.<\/strong>","protected":false},"featured_media":4607,"comment_status":"open","ping_status":"closed","template":"","meta":{"_acf_changed":false,"_glsr_average":0,"_glsr_ranking":0,"_glsr_reviews":0},"product_brand":[],"product_cat":[158],"product_tag":[161,159,160],"class_list":{"0":"post-5222","1":"product","2":"type-product","3":"status-publish","4":"has-post-thumbnail","6":"product_cat-knjige-hr","7":"product_tag-clarkova-terapija","8":"product_tag-dr-hulda-clark-hr","9":"product_tag-paraziti-hr","11":"first","12":"instock","13":"sale","14":"taxable","15":"shipping-taxable","16":"purchasable","17":"product-type-simple"},"acf":[],"_links":{"self":[{"href":"https:\/\/ionex.webtim.dev\/hr\/wp-json\/wp\/v2\/product\/5222","targetHints":{"allow":["GET"]}}],"collection":[{"href":"https:\/\/ionex.webtim.dev\/hr\/wp-json\/wp\/v2\/product"}],"about":[{"href":"https:\/\/ionex.webtim.dev\/hr\/wp-json\/wp\/v2\/types\/product"}],"replies":[{"embeddable":true,"href":"https:\/\/ionex.webtim.dev\/hr\/wp-json\/wp\/v2\/comments?post=5222"}],"version-history":[{"count":1,"href":"https:\/\/ionex.webtim.dev\/hr\/wp-json\/wp\/v2\/product\/5222\/revisions"}],"predecessor-version":[{"id":6330,"href":"https:\/\/ionex.webtim.dev\/hr\/wp-json\/wp\/v2\/product\/5222\/revisions\/6330"}],"wp:featuredmedia":[{"embeddable":true,"href":"https:\/\/ionex.webtim.dev\/hr\/wp-json\/wp\/v2\/media\/4607"}],"wp:attachment":[{"href":"https:\/\/ionex.webtim.dev\/hr\/wp-json\/wp\/v2\/media?parent=5222"}],"wp:term":[{"taxonomy":"product_brand","embeddable":true,"href":"https:\/\/ionex.webtim.dev\/hr\/wp-json\/wp\/v2\/product_brand?post=5222"},{"taxonomy":"product_cat","embeddable":true,"href":"https:\/\/ionex.webtim.dev\/hr\/wp-json\/wp\/v2\/product_cat?post=5222"},{"taxonomy":"product_tag","embeddable":true,"href":"https:\/\/ionex.webtim.dev\/hr\/wp-json\/wp\/v2\/product_tag?post=5222"}],"curies":[{"name":"wp","href":"https:\/\/api.w.org\/{rel}","templated":true}]}}